{"id":1400,"date":"2024-03-28T10:34:37","date_gmt":"2024-03-28T09:34:37","guid":{"rendered":"https:\/\/inwoodgroup.it\/polityka-prywatnosci\/"},"modified":"2024-03-28T10:41:23","modified_gmt":"2024-03-28T09:41:23","slug":"polityka-prywatnosci","status":"publish","type":"page","link":"https:\/\/inwoodgroup.it\/pl\/polityka-prywatnosci\/","title":{"rendered":"POLITYK\u0104 PRYWATNO\u015aCI"},"content":{"rendered":"\n<p><!--googleoff: all--><div id=\"myagileprivacy_text_wrapper\" class=\"myagileprivacy_text_wrapper\">\n<p><strong>Informacja o przetwarzaniu danych osobowych zebranych za po\u015brednictwem tej strony internetowej<\/strong><br> <\/p>\n\n\n\n<p><strong>1. Wprowadzenie i podstawy prawne<\/strong><br> Niniejsza informacja opisuje przetwarzanie danych osobowych zbieranych za po\u015brednictwem tej witryny, w tym danych pozyskiwanych poprzez pliki cookie, technologie \u015bledz\u0105ce oraz &mdash; w stosownych przypadkach &mdash; formularze kontaktowe, strefy zastrze\u017cone, us\u0142ugi cyfrowe oraz transakcje ekonomiczne realizowane elektronicznie.<br> Informacja jest skierowana do wszystkich os&oacute;b, kt&oacute;re uzyskuj\u0105 dost\u0119p do tej witryny lub z niej korzystaj\u0105, i opisuje sposoby zbierania, wykorzystania i ochrony danych osobowych u\u017cytkownika, a tak\u017ce prawa przyznane przez prawo.<br> Niniejsze postanowienia nie dotycz\u0105 innych witryn, stron lub us\u0142ug online dost\u0119pnych poprzez ewentualne linki zewn\u0119trzne na stronie; w takich przypadkach nale\u017cy zapozna\u0107 si\u0119 z odpowiednimi politykami prywatno\u015bci.<br> Informacja jest przekazywana zgodnie z g\u0142&oacute;wnymi krajowymi i mi\u0119dzynarodowymi przepisami o ochronie danych, w tym:<\/p>\n<ul>\n<li class=\"map_gdpr_text\">Rozporz\u0105dzenie (UE) 2016\/679 (RODO)<\/li>\n\n\n\n\n\n\n\n\n\n\n\n\n\n\n\n\n\n\n\n\n\n\n\n\n<li>Inne przepisy, kt&oacute;re mog\u0105 mie\u0107 zastosowanie.<\/li>\n<\/ul>\n\n\n\n<p><strong>2. Kto zarz\u0105dza Twoimi danymi i jak mo\u017cesz si\u0119 z nami skontaktowa\u0107?<\/strong><br> Twoje dane osobowe s\u0105 przetwarzane przez:<br> <span class=\"map_identity_name\">Inwood srl<br><\/span> <span class=\"map_identity_address\">Via Colombo 85 29027, San Polo di Podenzano (PC)<br><\/span> <span class=\"map_identity_email\">info@inwoodgroup.it<br><\/span> <span class=\"map_identity_vat_id\">NIP: 01819210335<\/span><\/p>\n\n\n\n<p class=\"map_dpo_text_unset\">W celu uzyskania informacji dotycz\u0105cych przetwarzania danych osobowych lub skorzystania z przys\u0142uguj\u0105cych praw, osoby, kt&oacute;rych dane dotycz\u0105, mog\u0105 skontaktowa\u0107 si\u0119 z Administratorem.<\/p>\n\n\n\n<p><strong>3. Na jakiej podstawie prawnej przetwarzamy Twoje dane?<\/strong><br> Przetwarzanie danych osobowych zebranych za po\u015brednictwem tej strony (w tym za pomoc\u0105 cookies, podobnych technologii, formularzy kontaktowych, stref zastrze\u017conych, us\u0142ug cyfrowych i transakcji, je\u015bli wyst\u0119puj\u0105) opiera si\u0119 na jednej lub kilku z nast\u0119puj\u0105cych podstaw prawnych:<\/p>\n<ol style=\"list-style-type: lower-alpha;\" type=\"A\">\n<li><strong>Wykonanie us\u0142ugi\/\u015brodki przedumowne<\/strong> \u017c\u0105dane przez u\u017cytkownika za po\u015brednictwem udost\u0119pnionych formularzy;<\/li>\n<li><strong>Wype\u0142nienie obowi\u0105zk&oacute;w prawnych, regulacyjnych lub normatywnych<\/strong>;<\/li>\n\n<\/ol>\n<p>Dodatkow\u0105 podstaw\u0105 prawn\u0105 mo\u017ce by\u0107 <strong>prawnie uzasadniony interes Administratora<\/strong>, wykorzystywany do okre\u015blonych cel&oacute;w (np. zapewnienie bezpiecze\u0144stwa IT, zapobieganie oszustwom, ochrona praw Administratora w post\u0119powaniach s\u0105dowych).<\/p>\n\n\n\n\n<p>Brak zgody lub jej wycofanie mo\u017ce ograniczy\u0107 niekt&oacute;re funkcjonalno\u015bci lub spersonalizowane us\u0142ugi.<\/p>\n\n\n\n<p><strong>4. Jakie dane zbieramy podczas wizyty na stronie?<\/strong><br> Podczas przegl\u0105dania tej strony mog\u0105 by\u0107 zbierane &mdash; tak\u017ce za pomoc\u0105 cookies i podobnych technologii, takich jak znaczniki pikselowe, web beacons, local storage i technologie r&oacute;wnowa\u017cne &mdash; nast\u0119puj\u0105ce dane:<\/p>\n<ul>\n<li>\n<p><strong>Dane przegl\u0105dania i techniczne:<\/strong> informacje takie jak adres IP, identyfikatory urz\u0105dze\u0144, dane dotycz\u0105ce systemu operacyjnego i przegl\u0105darki, \u017c\u0105dane adresy URL, czas po\u0142\u0105czenia, logi techniczne, preferencje techniczne, dane o korzystaniu zebrane za pomoc\u0105 cookies i technologii \u015bledz\u0105cych (znaczniki pikselowe, web beacons, local storage i r&oacute;wnowa\u017cne narz\u0119dzia).<\/p>\n<\/li>\n\n<li>\n<p><strong>Dane przekazywane poprzez integracje spo\u0142eczno\u015bciowe i platformy stron trzecich:<\/strong> dane przesy\u0142ane za po\u015brednictwem funkcji spo\u0142eczno\u015bciowych (logowanie, wtyczki, udost\u0119pnianie itp.), przetwarzane zgodnie z zasadami w\u0142a\u015bciwych platform oraz niniejsz\u0105 informacj\u0105.<\/p>\n<\/li>\n\n\n\n\n\n<\/ul>\n\n\n\n<p><strong>5. Jak przetwarzamy Twoje dane, jak je chronimy i jak d\u0142ugo je przechowujemy?<\/strong><br> Dane osobowe zebrane za po\u015brednictwem tej strony s\u0105 przetwarzane g\u0142&oacute;wnie z u\u017cyciem narz\u0119dzi elektronicznych i cyfrowych, zgodnie z zasadami legalno\u015bci, rzetelno\u015bci, minimalizacji danych, integralno\u015bci i poufno\u015bci.<\/p>\n\n\n<p>Dane s\u0105 przechowywane przez nast\u0119puj\u0105ce okresy:<\/p>\n<ul>\n<li><strong>Preferencje i zgody dotycz\u0105ce cookies:<\/strong> 180 dni, zgodnie z Polityk\u0105 plik&oacute;w cookie na tej stronie.<\/li>\n<li><strong>Dane przegl\u0105dania i techniczne:<\/strong> przechowywane tylko przez czas niezb\u0119dny do zapewnienia bezpiecze\u0144stwa, integralno\u015bci i funkcjonalno\u015bci strony, a nast\u0119pnie anonimizowane lub agregowane.<\/li>\n<li><strong>Dane zebrane w celach umownych i transakcyjnych:<\/strong> przechowywane przez czas wymagany przez obowi\u0105zuj\u0105ce przepisy (np. podatkowe lub ksi\u0119gowe).<\/li>\n<li><strong>Dane przetwarzane w celach marketingowych:<\/strong> do czasu wycofania zgody lub \u017c\u0105dania usuni\u0119cia.<\/li>\n<li><strong>Dane wprowadzone za po\u015brednictwem formularzy lub konkretnych zapyta\u0144:<\/strong> przez czas niezb\u0119dny do udzielenia odpowiedzi lub realizacji odpowiedniego celu.<\/li>\n\n<\/ul>\n\n\n\n<p><strong>6. Kto mo\u017ce otrzyma\u0107 Twoje dane?<\/strong><br> Dost\u0119p do danych osobowych zebranych za po\u015brednictwem tej strony mog\u0105 mie\u0107, w granicach swoich kompetencji i cel&oacute;w:<\/p>\n<ul>\n<li><strong>Upowa\u017cnione osoby wewn\u0119trzne<\/strong> Administratora, odpowiednio przeszkolone w zakresie prywatno\u015bci i bezpiecze\u0144stwa;<\/li>\n<li><strong>Dostawcy i podmioty trzecie wyznaczeni jako Podmioty przetwarzaj\u0105ce<\/strong> (np. dostawcy techniczni, firmy IT, obs\u0142uga klienta, konsultanci, dostawcy us\u0142ug p\u0142atniczych i logistyki &mdash; w stosownych przypadkach);<\/li>\n<li><strong>Partnerzy handlowi, podmioty trzecie i afilianci<\/strong>, wy\u0142\u0105cznie w celach promocyjnych\/marketingowych, je\u015bli zosta\u0142a udzielona odpowiednia zgoda lub skorzystano z prawa sprzeciwu\/opt-out, gdzie to przewidziane;<\/li>\n<li><strong>Podmioty \u015bwiadcz\u0105ce wtyczki, sieci spo\u0142eczno\u015bciowe i us\u0142ugi interakcji z platformami zewn\u0119trznymi<\/strong>, kt&oacute;re mog\u0105 przetwarza\u0107 dane osobowe wed\u0142ug w\u0142asnych zasad jako niezale\u017cni administratorzy (nale\u017cy zapozna\u0107 si\u0119 tak\u017ce z ich politykami prywatno\u015bci);<\/li>\n<li><strong>W\u0142a\u015bciwe organy publiczne<\/strong> i organy nadzorcze, w granicach przewidzianych przez prawo lub w celu spe\u0142nienia \u017c\u0105da\u0144 organ&oacute;w s\u0105dowych;<\/li>\n<\/ul>\n<p>Aktualna lista zewn\u0119trznych odbiorc&oacute;w mo\u017ce zosta\u0107 udost\u0119pniona na wniosek, po kontakcie z Administratorem.<\/p>\n\n\n\n<p><strong>7. Dok\u0105d mog\u0105 by\u0107 przekazywane Twoje dane?<\/strong><br> Dane osobowe zebrane za po\u015brednictwem tej strony mog\u0105 by\u0107 przetwarzane i przekazywane &mdash; zgodnie z wskazanymi celami &mdash; do nast\u0119puj\u0105cych kraj&oacute;w:<\/p>\n<ul>\n<li>do kraj&oacute;w nale\u017c\u0105cych do Europejskiego Obszaru Gospodarczego (EOG), do Szwajcarii lub do innych kraj&oacute;w uznanych przez w\u0142a\u015bciwe organy za zapewniaj\u0105ce &laquo;odpowiedni&raquo; poziom ochrony wymagany przez prawo;<\/li>\n\n<\/ul>\n\n\n<p><strong>Aktualna lista kraj&oacute;w &laquo;odpowiednich&raquo;<\/strong>:<\/p>\n<ul>\n<li><a href=\"https:\/\/ec.europa.eu\/info\/law\/law-topic\/data-protection\/international-dimension-data-protection\/adequacy-decisions_en\">UE<\/a><\/li>\n<li><a href=\"https:\/\/www.edoeb.admin.ch\/en\/adequacy\">Szwajcaria<\/a><\/li>\n<\/ul>\n<p> <\/p>\n<p><strong>8. Jakie masz prawa w odniesieniu do zebranych danych?<\/strong><br> U\u017cytkownik, zgodnie z obowi\u0105zuj\u0105cymi przepisami, ma prawo do:<\/p>\n<ul>\n<li>Uzyskania potwierdzenia, czy jego dane osobowe s\u0105 przetwarzane, a je\u015bli tak &mdash; uzyskania dost\u0119pu do tych danych i powi\u0105zanych informacji (prawo dost\u0119pu).<\/li>\n<li>\u017b\u0105dania sprostowania, aktualizacji lub usuni\u0119cia danych nieprawid\u0142owych lub ju\u017c niepotrzebnych (prawo do sprostowania i usuni\u0119cia).<\/li>\n<li>\u017b\u0105dania ograniczenia przetwarzania lub wniesienia sprzeciwu wobec przetwarzania danych, r&oacute;wnie\u017c do cel&oacute;w promocyjnych\/profilowania &mdash; gdzie przewidziano.<\/li>\n<li>\u017b\u0105dania przenoszenia danych w ustrukturyzowanym i interoperacyjnym formacie (o ile jest to technicznie mo\u017cliwe).<\/li>\n<li class=\"map_any_gdpr_like_text\">Wycofania zgody udzielonej na u\u017cywanie plik&oacute;w cookie innych ni\u017c techniczne oraz na przetwarzanie danych zebranych za pomoc\u0105 narz\u0119dzi \u015bledz\u0105cych.<\/li>\n\n<li>Zg\u0142aszania ewentualnych nieprawid\u0142owo\u015bci lub nadu\u017cy\u0107 w\u0142a\u015bciwym organom nadzorczym.<\/li>\n<\/ul>\n\n\n\n<p>Aby skorzysta\u0107 z tych praw, wystarczy wys\u0142a\u0107 wniosek na dane kontaktowe Administratora, kt&oacute;ry odpowie w terminach okre\u015blonych przez obowi\u0105zuj\u0105ce przepisy lokalne.<\/p>\n<p> <\/p>\n<p><strong>9. Jak przetwarzane s\u0105 dane ma\u0142oletnich?<\/strong><br> Ochrona ma\u0142oletnich stanowi podstawowy priorytet.<\/p>\n\n<p class=\"map_using_minors_data_off\">Us\u0142ugi i tre\u015bci tej strony nie s\u0105 przeznaczone dla os&oacute;b poni\u017cej 18 roku \u017cycia.<\/p>\n<p class=\"map_using_minors_data_off\">Nie zbieramy \u015bwiadomie danych osobowych ma\u0142oletnich bez weryfikowalnej zgody rodzica lub opiekuna prawnego.<\/p>\n<p class=\"map_using_minors_data_off\">Je\u017celi rodzic lub opiekun uwa\u017ca, \u017ce ma\u0142oletni przekaza\u0142 dane osobowe bez zezwolenia, mo\u017ce za\u017c\u0105da\u0107 ich usuni\u0119cia, aktualizacji lub ograniczenia przetwarzania, pisz\u0105c na wskazane w niniejszej informacji dane kontaktowe.<\/p>\n<p> <\/p>\n<p><strong>10. Jak zg\u0142asza\u0107 zastrze\u017cenia lub skargi do organ&oacute;w?<\/strong><br> Je\u015bli uwa\u017casz, \u017ce przetwarzanie Twoich danych osobowych za po\u015brednictwem tej strony nie jest zgodne z obowi\u0105zuj\u0105cym prawem, mo\u017cesz bezp\u0142atnie z\u0142o\u017cy\u0107 skarg\u0119 do w\u0142a\u015bciwych organ&oacute;w nadzorczych, w tym:<\/p>\n<ul>\n<li>Do organu ochrony danych osobowych w Twoim pa\u0144stwie obywatelstwa lub zamieszkania;<\/li>\n\n<li><a href=\"https:\/\/edps.europa.eu\/data-protection\/our-role-supervisor\/complaints_en\">Europejski Inspektor Ochrony Danych<\/a><\/li>\n\n\n\n\n\n\n\n\n\n\n\n\n\n\n\n\n\n\n\n<\/ul>\n<p> <\/p>\n<p><strong>Jak informujemy o zmianach niniejszej informacji?<\/strong><br> Niniejsza informacja podlega okresowym aktualizacjom w zwi\u0105zku ze zmianami przepis&oacute;w lub zmianami w us\u0142ugach oferowanych za po\u015brednictwem strony. O wszelkich istotnych zmianach poinformujemy na tej stronie.<br> <\/p>\n\n<\/div><!--googleon: all-->&#8222;]<\/p>\n","protected":false},"excerpt":{"rendered":"<p>&#8222;]<\/p>\n","protected":false},"author":1,"featured_media":0,"parent":0,"menu_order":0,"comment_status":"closed","ping_status":"closed","template":"","meta":{"footnotes":""},"class_list":["post-1400","page","type-page","status-publish","hentry"],"_links":{"self":[{"href":"https:\/\/inwoodgroup.it\/pl\/wp-json\/wp\/v2\/pages\/1400","targetHints":{"allow":["GET"]}}],"collection":[{"href":"https:\/\/inwoodgroup.it\/pl\/wp-json\/wp\/v2\/pages"}],"about":[{"href":"https:\/\/inwoodgroup.it\/pl\/wp-json\/wp\/v2\/types\/page"}],"author":[{"embeddable":true,"href":"https:\/\/inwoodgroup.it\/pl\/wp-json\/wp\/v2\/users\/1"}],"replies":[{"embeddable":true,"href":"https:\/\/inwoodgroup.it\/pl\/wp-json\/wp\/v2\/comments?post=1400"}],"version-history":[{"count":0,"href":"https:\/\/inwoodgroup.it\/pl\/wp-json\/wp\/v2\/pages\/1400\/revisions"}],"wp:attachment":[{"href":"https:\/\/inwoodgroup.it\/pl\/wp-json\/wp\/v2\/media?parent=1400"}],"curies":[{"name":"wp","href":"https:\/\/api.w.org\/{rel}","templated":true}]}}