{"id":1829,"date":"2024-11-06T11:06:26","date_gmt":"2024-11-06T10:06:26","guid":{"rendered":"https:\/\/inwoodgroup.it\/produkty-2\/plycin\/"},"modified":"2025-05-13T18:33:47","modified_gmt":"2025-05-13T16:33:47","slug":"plycin","status":"publish","type":"page","link":"https:\/\/inwoodgroup.it\/pl\/produkty\/plycin\/","title":{"rendered":"P\u0142ycin"},"content":{"rendered":"\t\t<div data-elementor-type=\"wp-page\" data-elementor-id=\"1829\" class=\"elementor elementor-1829 elementor-1689\" data-elementor-post-type=\"page\">\n\t\t\t\t\t\t<section class=\"elementor-section elementor-top-section elementor-element elementor-element-a76fd31 elementor-section-full_width elementor-section-height-default elementor-section-height-default\" data-id=\"a76fd31\" data-element_type=\"section\" data-e-type=\"section\" data-settings=\"{&quot;background_background&quot;:&quot;classic&quot;}\">\n\t\t\t\t\t\t\t<div class=\"elementor-background-overlay\"><\/div>\n\t\t\t\t\t\t\t<div class=\"elementor-container elementor-column-gap-default\">\n\t\t\t\t\t<div class=\"elementor-column elementor-col-100 elementor-top-column elementor-element elementor-element-5b216af0\" data-id=\"5b216af0\" data-element_type=\"column\" data-e-type=\"column\">\n\t\t\t<div class=\"elementor-widget-wrap elementor-element-populated\">\n\t\t\t\t\t\t<section class=\"elementor-section elementor-inner-section elementor-element elementor-element-5e73d877 elementor-section-full_width elementor-section-height-default elementor-section-height-default\" data-id=\"5e73d877\" data-element_type=\"section\" data-e-type=\"section\">\n\t\t\t\t\t\t<div class=\"elementor-container elementor-column-gap-default\">\n\t\t\t\t\t<div class=\"elementor-column elementor-col-100 elementor-inner-column elementor-element elementor-element-403eb7f6\" data-id=\"403eb7f6\" data-element_type=\"column\" data-e-type=\"column\">\n\t\t\t<div class=\"elementor-widget-wrap elementor-element-populated\">\n\t\t\t\t\t\t<div class=\"elementor-element elementor-element-87b6ded elementor-widget elementor-widget-heading\" data-id=\"87b6ded\" data-element_type=\"widget\" data-e-type=\"widget\" data-widget_type=\"heading.default\">\n\t\t\t\t\t<h1 class=\"elementor-heading-title elementor-size-default\">p\u0142ycin<\/h1>\t\t\t\t<\/div>\n\t\t\t\t\t<\/div>\n\t\t<\/div>\n\t\t\t\t\t<\/div>\n\t\t<\/section>\n\t\t\t\t\t<\/div>\n\t\t<\/div>\n\t\t\t\t\t<\/div>\n\t\t<\/section>\n\t\t\t\t<section class=\"elementor-section elementor-top-section elementor-element elementor-element-6156038 elementor-section-full_width elementor-section-height-default elementor-section-height-default\" data-id=\"6156038\" data-element_type=\"section\" data-e-type=\"section\" data-settings=\"{&quot;background_background&quot;:&quot;gradient&quot;}\">\n\t\t\t\t\t\t\t<div class=\"elementor-background-overlay\"><\/div>\n\t\t\t\t\t\t\t<div class=\"elementor-container elementor-column-gap-default\">\n\t\t\t\t\t<div class=\"elementor-column elementor-col-100 elementor-top-column elementor-element elementor-element-d74b016\" data-id=\"d74b016\" data-element_type=\"column\" data-e-type=\"column\">\n\t\t\t<div class=\"elementor-widget-wrap elementor-element-populated\">\n\t\t\t\t\t\t<section class=\"elementor-section elementor-inner-section elementor-element elementor-element-2e8c373 elementor-section-boxed elementor-section-height-default elementor-section-height-default\" data-id=\"2e8c373\" data-element_type=\"section\" data-e-type=\"section\">\n\t\t\t\t\t\t<div class=\"elementor-container elementor-column-gap-default\">\n\t\t\t\t\t<div class=\"elementor-column elementor-col-100 elementor-inner-column elementor-element elementor-element-5232dc62\" data-id=\"5232dc62\" data-element_type=\"column\" data-e-type=\"column\">\n\t\t\t<div class=\"elementor-widget-wrap elementor-element-populated\">\n\t\t\t\t\t\t<div class=\"elementor-element elementor-element-1115fca8 elementor-widget elementor-widget-heading\" data-id=\"1115fca8\" data-element_type=\"widget\" data-e-type=\"widget\" data-widget_type=\"heading.default\">\n\t\t\t\t\t<h2 class=\"elementor-heading-title elementor-size-default\">Przycinanie i Formatowanie P\u0142ycin<\/h2>\t\t\t\t<\/div>\n\t\t\t\t<div class=\"elementor-element elementor-element-9b96836 elementor-widget-divider--view-line elementor-widget elementor-widget-divider\" data-id=\"9b96836\" data-element_type=\"widget\" data-e-type=\"widget\" data-widget_type=\"divider.default\">\n\t\t\t\t\t\t\t<div class=\"elementor-divider\">\n\t\t\t<span class=\"elementor-divider-separator\">\n\t\t\t\t\t\t<\/span>\n\t\t<\/div>\n\t\t\t\t\t\t<\/div>\n\t\t\t\t<div class=\"elementor-element elementor-element-2de1ac2a elementor-widget elementor-widget-text-editor\" data-id=\"2de1ac2a\" data-element_type=\"widget\" data-e-type=\"widget\" data-widget_type=\"text-editor.default\">\n\t\t\t\t\t\t\t\t\t<p class=\"p1\">Projektujemy zar\u00f3wno pojedyncze maszyny jak i kompletne linie produkcyjne przeznaczone do formatowania, frezowania kszta\u0142towego, profilowania, \u017c\u0142obienia, szlifowania i fazowanie p\u0142ycin z p\u0142yty wi\u00f3rowej, laminatu, sklejki, p\u0142yty stolarskiej i litego drewna.<\/p><p class=\"p1\">Ten typ maszyny mo\u017ce by\u0107 r\u00f3wnie\u017c u\u017cywany do obr\u00f3bki pianki poliuretanowej lub p\u0142yt z cementu w\u0142\u00f3knistego.<\/p>\t\t\t\t\t\t\t\t<\/div>\n\t\t\t\t\t<\/div>\n\t\t<\/div>\n\t\t\t\t\t<\/div>\n\t\t<\/section>\n\t\t\t\t\t<\/div>\n\t\t<\/div>\n\t\t\t\t\t<\/div>\n\t\t<\/section>\n\t\t\t\t<section class=\"elementor-section elementor-top-section elementor-element elementor-element-ce67e70 elementor-section-full_width elementor-section-height-default elementor-section-height-default\" data-id=\"ce67e70\" data-element_type=\"section\" data-e-type=\"section\" data-settings=\"{&quot;background_background&quot;:&quot;gradient&quot;}\">\n\t\t\t\t\t\t\t<div class=\"elementor-background-overlay\"><\/div>\n\t\t\t\t\t\t\t<div class=\"elementor-container elementor-column-gap-default\">\n\t\t\t\t\t<div class=\"elementor-column elementor-col-100 elementor-top-column elementor-element elementor-element-c61b87c\" data-id=\"c61b87c\" data-element_type=\"column\" data-e-type=\"column\">\n\t\t\t<div class=\"elementor-widget-wrap elementor-element-populated\">\n\t\t\t\t\t\t<section class=\"elementor-section elementor-inner-section elementor-element elementor-element-8ae6ab0 elementor-section-full_width elementor-section-height-default elementor-section-height-default\" data-id=\"8ae6ab0\" data-element_type=\"section\" data-e-type=\"section\">\n\t\t\t\t\t\t<div class=\"elementor-container elementor-column-gap-default\">\n\t\t\t\t\t<div class=\"elementor-column elementor-col-50 elementor-inner-column elementor-element elementor-element-bd33c3e\" data-id=\"bd33c3e\" data-element_type=\"column\" data-e-type=\"column\">\n\t\t\t<div class=\"elementor-widget-wrap elementor-element-populated\">\n\t\t\t\t\t\t<div class=\"elementor-element elementor-element-ad25053 elementor-invisible elementor-widget elementor-widget-image\" data-id=\"ad25053\" data-element_type=\"widget\" data-e-type=\"widget\" data-settings=\"{&quot;_animation&quot;:&quot;slideInLeft&quot;}\" data-widget_type=\"image.default\">\n\t\t\t\t\t\t\t\t\t\t\t\t\t\t\t<img fetchpriority=\"high\" decoding=\"async\" width=\"713\" height=\"1000\" src=\"https:\/\/inwoodgroup.it\/wp-content\/uploads\/2024\/11\/macchina_pannelli01.webp\" class=\"attachment-large size-large wp-image-1704\" alt=\"\" srcset=\"https:\/\/inwoodgroup.it\/wp-content\/uploads\/2024\/11\/macchina_pannelli01.webp 713w, https:\/\/inwoodgroup.it\/wp-content\/uploads\/2024\/11\/macchina_pannelli01-214x300.webp 214w\" sizes=\"(max-width: 713px) 100vw, 713px\" \/>\t\t\t\t\t\t\t\t\t\t\t\t\t\t\t<\/div>\n\t\t\t\t\t<\/div>\n\t\t<\/div>\n\t\t\t\t<div class=\"elementor-column elementor-col-50 elementor-inner-column elementor-element elementor-element-9f245f0\" data-id=\"9f245f0\" data-element_type=\"column\" data-e-type=\"column\">\n\t\t\t<div class=\"elementor-widget-wrap elementor-element-populated\">\n\t\t\t\t\t\t<div class=\"elementor-element elementor-element-bc41984 elementor-widget elementor-widget-heading\" data-id=\"bc41984\" data-element_type=\"widget\" data-e-type=\"widget\" data-widget_type=\"heading.default\">\n\t\t\t\t\t<h2 class=\"elementor-heading-title elementor-size-default\">Splitter \u2013 Rozcinacz<\/h2>\t\t\t\t<\/div>\n\t\t\t\t<div class=\"elementor-element elementor-element-d00017e elementor-widget-divider--view-line elementor-widget elementor-widget-divider\" data-id=\"d00017e\" data-element_type=\"widget\" data-e-type=\"widget\" data-widget_type=\"divider.default\">\n\t\t\t\t\t\t\t<div class=\"elementor-divider\">\n\t\t\t<span class=\"elementor-divider-separator\">\n\t\t\t\t\t\t<\/span>\n\t\t<\/div>\n\t\t\t\t\t\t<\/div>\n\t\t\t\t<div class=\"elementor-element elementor-element-e694071 elementor-widget elementor-widget-text-editor\" data-id=\"e694071\" data-element_type=\"widget\" data-e-type=\"widget\" data-widget_type=\"text-editor.default\">\n\t\t\t\t\t\t\t\t\t<p>Maszyna o du\u017cej wydajno\u015bci produkcyjnej (pr\u0119dko\u015b\u0107 do 60 m\/min), wyposa\u017cona w przeno\u015bnik rolkowy lub ta\u015bmowy, umo\u017cliwiaj\u0105ca obr\u00f3bk\u0119 i ci\u0119cie p\u0142yt zar\u00f3wno wzd\u0142u\u017cnie jak i poprzecznie.<\/p><p>Szeroko\u015b\u0107 elementu na wej\u015bciu od 80 do 1300 mm.<\/p><p>Szeroko\u015b\u0107 elementu po rozci\u0119ciu od 40 do 650 mm.<\/p><p>Maszyn\u0119 t\u0105 stosuje si\u0119 na liniach formatowania i okleinowania do wyr\u00f3wnywania kraw\u0119dzi w celu zwi\u0119kszenia wydajno\u015bci lub na liniach produkcyjnych w\u0105skich paneli.<\/p>\t\t\t\t\t\t\t\t<\/div>\n\t\t\t\t\t<\/div>\n\t\t<\/div>\n\t\t\t\t\t<\/div>\n\t\t<\/section>\n\t\t\t\t\t<\/div>\n\t\t<\/div>\n\t\t\t\t\t<\/div>\n\t\t<\/section>\n\t\t\t\t<section class=\"elementor-section elementor-top-section elementor-element elementor-element-3db8ef1 elementor-section-full_width elementor-section-height-default elementor-section-height-default\" data-id=\"3db8ef1\" data-element_type=\"section\" data-e-type=\"section\" data-settings=\"{&quot;background_background&quot;:&quot;classic&quot;}\">\n\t\t\t\t\t\t<div class=\"elementor-container elementor-column-gap-default\">\n\t\t\t\t\t<div class=\"elementor-column elementor-col-100 elementor-top-column elementor-element elementor-element-f57c973\" data-id=\"f57c973\" data-element_type=\"column\" data-e-type=\"column\">\n\t\t\t<div class=\"elementor-widget-wrap elementor-element-populated\">\n\t\t\t\t\t\t<section class=\"elementor-section elementor-inner-section elementor-element elementor-element-46efed1 elementor-section-boxed elementor-section-height-default elementor-section-height-default elementor-invisible\" data-id=\"46efed1\" data-element_type=\"section\" data-e-type=\"section\" data-settings=\"{&quot;animation&quot;:&quot;slideInUp&quot;}\">\n\t\t\t\t\t\t<div class=\"elementor-container elementor-column-gap-default\">\n\t\t\t\t\t<div class=\"elementor-column elementor-col-100 elementor-inner-column elementor-element elementor-element-8895887\" data-id=\"8895887\" data-element_type=\"column\" data-e-type=\"column\">\n\t\t\t<div class=\"elementor-widget-wrap elementor-element-populated\">\n\t\t\t\t\t\t<div class=\"elementor-element elementor-element-ad04f1f elementor-widget elementor-widget-video\" data-id=\"ad04f1f\" data-element_type=\"widget\" data-e-type=\"widget\" data-settings=\"{&quot;video_type&quot;:&quot;vimeo&quot;}\" data-widget_type=\"video.default\">\n\t\t\t\t\t\t\t<div class=\"elementor-wrapper elementor-open-inline\">\n\t\t\t<iframe class=\"elementor-video-iframe\" allowfullscreen allow=\"clipboard-write\" title=\"vimeo Odtwarzacz filmu\" src=\"https:\/\/player.vimeo.com\/video\/1029168786?color&amp;autopause=0&amp;loop=0&amp;muted=0&amp;title=1&amp;portrait=1&amp;byline=1#t=\"><\/iframe>\t\t<\/div>\n\t\t\t\t\t\t<\/div>\n\t\t\t\t<div class=\"elementor-element elementor-element-aa0774c elementor-widget elementor-widget-gallery\" data-id=\"aa0774c\" data-element_type=\"widget\" data-e-type=\"widget\" data-settings=\"{&quot;columns&quot;:3,&quot;lazyload&quot;:&quot;yes&quot;,&quot;gallery_layout&quot;:&quot;grid&quot;,&quot;columns_tablet&quot;:2,&quot;columns_mobile&quot;:1,&quot;gap&quot;:{&quot;unit&quot;:&quot;px&quot;,&quot;size&quot;:10,&quot;sizes&quot;:[]},&quot;gap_tablet_extra&quot;:{&quot;unit&quot;:&quot;px&quot;,&quot;size&quot;:10,&quot;sizes&quot;:[]},&quot;gap_tablet&quot;:{&quot;unit&quot;:&quot;px&quot;,&quot;size&quot;:10,&quot;sizes&quot;:[]},&quot;gap_mobile&quot;:{&quot;unit&quot;:&quot;px&quot;,&quot;size&quot;:10,&quot;sizes&quot;:[]},&quot;link_to&quot;:&quot;file&quot;,&quot;aspect_ratio&quot;:&quot;3:2&quot;,&quot;overlay_background&quot;:&quot;yes&quot;,&quot;content_hover_animation&quot;:&quot;fade-in&quot;}\" data-widget_type=\"gallery.default\">\n\t\t\t\t\t\t\t<div class=\"elementor-gallery__container\">\n\t\t\t\t\t\t\t<a class=\"e-gallery-item elementor-gallery-item elementor-animated-content\" href=\"https:\/\/inwoodgroup.it\/wp-content\/uploads\/2024\/11\/macchina_pannelli02.webp\" data-elementor-open-lightbox=\"yes\" data-elementor-lightbox-slideshow=\"aa0774c\" data-elementor-lightbox-title=\"macchina_pannelli02\" data-e-action-hash=\"#elementor-action%3Aaction%3Dlightbox%26settings%3DeyJpZCI6MTcwOCwidXJsIjoiaHR0cHM6XC9cL2lud29vZGdyb3VwLml0XC93cC1jb250ZW50XC91cGxvYWRzXC8yMDI0XC8xMVwvbWFjY2hpbmFfcGFubmVsbGkwMi53ZWJwIiwic2xpZGVzaG93IjoiYWEwNzc0YyJ9\">\n\t\t\t\t\t<div class=\"e-gallery-image elementor-gallery-item__image\" data-thumbnail=\"https:\/\/inwoodgroup.it\/wp-content\/uploads\/2024\/11\/macchina_pannelli02-1024x576.webp\" data-width=\"800\" data-height=\"450\" aria-label=\"\" role=\"img\" ><\/div>\n\t\t\t\t\t\t\t\t\t\t\t<div class=\"elementor-gallery-item__overlay\"><\/div>\n\t\t\t\t\t\t\t\t\t\t\t\t\t\t<\/a>\n\t\t\t\t\t\t\t<a class=\"e-gallery-item elementor-gallery-item elementor-animated-content\" href=\"https:\/\/inwoodgroup.it\/wp-content\/uploads\/2024\/11\/macchina_pannelli03.webp\" data-elementor-open-lightbox=\"yes\" data-elementor-lightbox-slideshow=\"aa0774c\" data-elementor-lightbox-title=\"macchina_pannelli03\" data-e-action-hash=\"#elementor-action%3Aaction%3Dlightbox%26settings%3DeyJpZCI6MTcxMSwidXJsIjoiaHR0cHM6XC9cL2lud29vZGdyb3VwLml0XC93cC1jb250ZW50XC91cGxvYWRzXC8yMDI0XC8xMVwvbWFjY2hpbmFfcGFubmVsbGkwMy53ZWJwIiwic2xpZGVzaG93IjoiYWEwNzc0YyJ9\">\n\t\t\t\t\t<div class=\"e-gallery-image elementor-gallery-item__image\" data-thumbnail=\"https:\/\/inwoodgroup.it\/wp-content\/uploads\/2024\/11\/macchina_pannelli03-1024x576.webp\" data-width=\"800\" data-height=\"450\" aria-label=\"\" role=\"img\" ><\/div>\n\t\t\t\t\t\t\t\t\t\t\t<div class=\"elementor-gallery-item__overlay\"><\/div>\n\t\t\t\t\t\t\t\t\t\t\t\t\t\t<\/a>\n\t\t\t\t\t\t\t<a class=\"e-gallery-item elementor-gallery-item elementor-animated-content\" href=\"https:\/\/inwoodgroup.it\/wp-content\/uploads\/2024\/11\/macchina_pannelli04.webp\" data-elementor-open-lightbox=\"yes\" data-elementor-lightbox-slideshow=\"aa0774c\" data-elementor-lightbox-title=\"macchina_pannelli04\" data-e-action-hash=\"#elementor-action%3Aaction%3Dlightbox%26settings%3DeyJpZCI6MTcxNCwidXJsIjoiaHR0cHM6XC9cL2lud29vZGdyb3VwLml0XC93cC1jb250ZW50XC91cGxvYWRzXC8yMDI0XC8xMVwvbWFjY2hpbmFfcGFubmVsbGkwNC53ZWJwIiwic2xpZGVzaG93IjoiYWEwNzc0YyJ9\">\n\t\t\t\t\t<div class=\"e-gallery-image elementor-gallery-item__image\" data-thumbnail=\"https:\/\/inwoodgroup.it\/wp-content\/uploads\/2024\/11\/macchina_pannelli04-1024x576.webp\" data-width=\"800\" data-height=\"450\" aria-label=\"\" role=\"img\" ><\/div>\n\t\t\t\t\t\t\t\t\t\t\t<div class=\"elementor-gallery-item__overlay\"><\/div>\n\t\t\t\t\t\t\t\t\t\t\t\t\t\t<\/a>\n\t\t\t\t\t\t\t<a class=\"e-gallery-item elementor-gallery-item elementor-animated-content\" href=\"https:\/\/inwoodgroup.it\/wp-content\/uploads\/2024\/11\/macchina_pannelli05.webp\" data-elementor-open-lightbox=\"yes\" data-elementor-lightbox-slideshow=\"aa0774c\" data-elementor-lightbox-title=\"macchina_pannelli05\" data-e-action-hash=\"#elementor-action%3Aaction%3Dlightbox%26settings%3DeyJpZCI6MTcxNywidXJsIjoiaHR0cHM6XC9cL2lud29vZGdyb3VwLml0XC93cC1jb250ZW50XC91cGxvYWRzXC8yMDI0XC8xMVwvbWFjY2hpbmFfcGFubmVsbGkwNS53ZWJwIiwic2xpZGVzaG93IjoiYWEwNzc0YyJ9\">\n\t\t\t\t\t<div class=\"e-gallery-image elementor-gallery-item__image\" data-thumbnail=\"https:\/\/inwoodgroup.it\/wp-content\/uploads\/2024\/11\/macchina_pannelli05-1024x576.webp\" data-width=\"800\" data-height=\"450\" aria-label=\"\" role=\"img\" ><\/div>\n\t\t\t\t\t\t\t\t\t\t\t<div class=\"elementor-gallery-item__overlay\"><\/div>\n\t\t\t\t\t\t\t\t\t\t\t\t\t\t<\/a>\n\t\t\t\t\t\t\t<a class=\"e-gallery-item elementor-gallery-item elementor-animated-content\" href=\"https:\/\/inwoodgroup.it\/wp-content\/uploads\/2024\/11\/macchina_pannelli06.webp\" data-elementor-open-lightbox=\"yes\" data-elementor-lightbox-slideshow=\"aa0774c\" data-elementor-lightbox-title=\"macchina_pannelli06\" data-e-action-hash=\"#elementor-action%3Aaction%3Dlightbox%26settings%3DeyJpZCI6MTcyMCwidXJsIjoiaHR0cHM6XC9cL2lud29vZGdyb3VwLml0XC93cC1jb250ZW50XC91cGxvYWRzXC8yMDI0XC8xMVwvbWFjY2hpbmFfcGFubmVsbGkwNi53ZWJwIiwic2xpZGVzaG93IjoiYWEwNzc0YyJ9\">\n\t\t\t\t\t<div class=\"e-gallery-image elementor-gallery-item__image\" data-thumbnail=\"https:\/\/inwoodgroup.it\/wp-content\/uploads\/2024\/11\/macchina_pannelli06-1024x576.webp\" data-width=\"800\" data-height=\"450\" aria-label=\"\" role=\"img\" ><\/div>\n\t\t\t\t\t\t\t\t\t\t\t<div class=\"elementor-gallery-item__overlay\"><\/div>\n\t\t\t\t\t\t\t\t\t\t\t\t\t\t<\/a>\n\t\t\t\t\t\t\t<a class=\"e-gallery-item elementor-gallery-item elementor-animated-content\" href=\"https:\/\/inwoodgroup.it\/wp-content\/uploads\/2024\/11\/macchina_pannelli07.webp\" data-elementor-open-lightbox=\"yes\" data-elementor-lightbox-slideshow=\"aa0774c\" data-elementor-lightbox-title=\"macchina_pannelli07\" data-e-action-hash=\"#elementor-action%3Aaction%3Dlightbox%26settings%3DeyJpZCI6MTcyMywidXJsIjoiaHR0cHM6XC9cL2lud29vZGdyb3VwLml0XC93cC1jb250ZW50XC91cGxvYWRzXC8yMDI0XC8xMVwvbWFjY2hpbmFfcGFubmVsbGkwNy53ZWJwIiwic2xpZGVzaG93IjoiYWEwNzc0YyJ9\">\n\t\t\t\t\t<div class=\"e-gallery-image elementor-gallery-item__image\" data-thumbnail=\"https:\/\/inwoodgroup.it\/wp-content\/uploads\/2024\/11\/macchina_pannelli07-1024x576.webp\" data-width=\"800\" data-height=\"450\" aria-label=\"\" role=\"img\" ><\/div>\n\t\t\t\t\t\t\t\t\t\t\t<div class=\"elementor-gallery-item__overlay\"><\/div>\n\t\t\t\t\t\t\t\t\t\t\t\t\t\t<\/a>\n\t\t\t\t\t\t\t<a class=\"e-gallery-item elementor-gallery-item elementor-animated-content\" href=\"https:\/\/inwoodgroup.it\/wp-content\/uploads\/2024\/11\/macchina_pannelli08.webp\" data-elementor-open-lightbox=\"yes\" data-elementor-lightbox-slideshow=\"aa0774c\" data-elementor-lightbox-title=\"macchina_pannelli08\" data-e-action-hash=\"#elementor-action%3Aaction%3Dlightbox%26settings%3DeyJpZCI6MTcyNiwidXJsIjoiaHR0cHM6XC9cL2lud29vZGdyb3VwLml0XC93cC1jb250ZW50XC91cGxvYWRzXC8yMDI0XC8xMVwvbWFjY2hpbmFfcGFubmVsbGkwOC53ZWJwIiwic2xpZGVzaG93IjoiYWEwNzc0YyJ9\">\n\t\t\t\t\t<div class=\"e-gallery-image elementor-gallery-item__image\" data-thumbnail=\"https:\/\/inwoodgroup.it\/wp-content\/uploads\/2024\/11\/macchina_pannelli08-1024x576.webp\" data-width=\"800\" data-height=\"450\" aria-label=\"\" role=\"img\" ><\/div>\n\t\t\t\t\t\t\t\t\t\t\t<div class=\"elementor-gallery-item__overlay\"><\/div>\n\t\t\t\t\t\t\t\t\t\t\t\t\t\t<\/a>\n\t\t\t\t\t\t\t<a class=\"e-gallery-item elementor-gallery-item elementor-animated-content\" href=\"https:\/\/inwoodgroup.it\/wp-content\/uploads\/2024\/11\/macchina_pannelli09.webp\" data-elementor-open-lightbox=\"yes\" data-elementor-lightbox-slideshow=\"aa0774c\" data-elementor-lightbox-title=\"macchina_pannelli09\" data-e-action-hash=\"#elementor-action%3Aaction%3Dlightbox%26settings%3DeyJpZCI6MTcyOSwidXJsIjoiaHR0cHM6XC9cL2lud29vZGdyb3VwLml0XC93cC1jb250ZW50XC91cGxvYWRzXC8yMDI0XC8xMVwvbWFjY2hpbmFfcGFubmVsbGkwOS53ZWJwIiwic2xpZGVzaG93IjoiYWEwNzc0YyJ9\">\n\t\t\t\t\t<div class=\"e-gallery-image elementor-gallery-item__image\" data-thumbnail=\"https:\/\/inwoodgroup.it\/wp-content\/uploads\/2024\/11\/macchina_pannelli09-1024x576.webp\" data-width=\"800\" data-height=\"450\" aria-label=\"\" role=\"img\" ><\/div>\n\t\t\t\t\t\t\t\t\t\t\t<div class=\"elementor-gallery-item__overlay\"><\/div>\n\t\t\t\t\t\t\t\t\t\t\t\t\t\t<\/a>\n\t\t\t\t\t\t\t<a class=\"e-gallery-item elementor-gallery-item elementor-animated-content\" href=\"https:\/\/inwoodgroup.it\/wp-content\/uploads\/2024\/11\/macchina_pannelli10.webp\" data-elementor-open-lightbox=\"yes\" data-elementor-lightbox-slideshow=\"aa0774c\" data-elementor-lightbox-title=\"macchina_pannelli10\" data-e-action-hash=\"#elementor-action%3Aaction%3Dlightbox%26settings%3DeyJpZCI6MTczMiwidXJsIjoiaHR0cHM6XC9cL2lud29vZGdyb3VwLml0XC93cC1jb250ZW50XC91cGxvYWRzXC8yMDI0XC8xMVwvbWFjY2hpbmFfcGFubmVsbGkxMC53ZWJwIiwic2xpZGVzaG93IjoiYWEwNzc0YyJ9\">\n\t\t\t\t\t<div class=\"e-gallery-image elementor-gallery-item__image\" data-thumbnail=\"https:\/\/inwoodgroup.it\/wp-content\/uploads\/2024\/11\/macchina_pannelli10-1024x576.webp\" data-width=\"800\" data-height=\"450\" aria-label=\"\" role=\"img\" ><\/div>\n\t\t\t\t\t\t\t\t\t\t\t<div class=\"elementor-gallery-item__overlay\"><\/div>\n\t\t\t\t\t\t\t\t\t\t\t\t\t\t<\/a>\n\t\t\t\t\t<\/div>\n\t\t\t\t\t<\/div>\n\t\t\t\t\t<\/div>\n\t\t<\/div>\n\t\t\t\t\t<\/div>\n\t\t<\/section>\n\t\t\t\t\t<\/div>\n\t\t<\/div>\n\t\t\t\t\t<\/div>\n\t\t<\/section>\n\t\t\t\t<\/div>\n\t\t","protected":false},"excerpt":{"rendered":"<p>p\u0142ycin Przycinanie i Formatowanie P\u0142ycin Projektujemy zar\u00f3wno pojedyncze maszyny jak i kompletne linie produkcyjne przeznaczone do formatowania, frezowania kszta\u0142towego, profilowania, \u017c\u0142obienia, szlifowania i fazowanie p\u0142ycin z p\u0142yty wi\u00f3rowej, laminatu, sklejki, p\u0142yty stolarskiej i litego drewna. Ten typ maszyny mo\u017ce by\u0107 r\u00f3wnie\u017c u\u017cywany do obr\u00f3bki pianki poliuretanowej lub p\u0142yt z cementu w\u0142\u00f3knistego. Splitter \u2013 Rozcinacz Maszyna [&hellip;]<\/p>\n","protected":false},"author":1,"featured_media":0,"parent":1848,"menu_order":0,"comment_status":"closed","ping_status":"closed","template":"","meta":{"footnotes":""},"class_list":["post-1829","page","type-page","status-publish","hentry"],"_links":{"self":[{"href":"https:\/\/inwoodgroup.it\/pl\/wp-json\/wp\/v2\/pages\/1829","targetHints":{"allow":["GET"]}}],"collection":[{"href":"https:\/\/inwoodgroup.it\/pl\/wp-json\/wp\/v2\/pages"}],"about":[{"href":"https:\/\/inwoodgroup.it\/pl\/wp-json\/wp\/v2\/types\/page"}],"author":[{"embeddable":true,"href":"https:\/\/inwoodgroup.it\/pl\/wp-json\/wp\/v2\/users\/1"}],"replies":[{"embeddable":true,"href":"https:\/\/inwoodgroup.it\/pl\/wp-json\/wp\/v2\/comments?post=1829"}],"version-history":[{"count":0,"href":"https:\/\/inwoodgroup.it\/pl\/wp-json\/wp\/v2\/pages\/1829\/revisions"}],"up":[{"embeddable":true,"href":"https:\/\/inwoodgroup.it\/pl\/wp-json\/wp\/v2\/pages\/1848"}],"wp:attachment":[{"href":"https:\/\/inwoodgroup.it\/pl\/wp-json\/wp\/v2\/media?parent=1829"}],"curies":[{"name":"wp","href":"https:\/\/api.w.org\/{rel}","templated":true}]}}