{"id":970,"date":"2022-07-11T09:50:41","date_gmt":"2022-07-11T07:50:41","guid":{"rendered":"https:\/\/inwoodgroup.it\/firma\/"},"modified":"2024-11-11T15:55:25","modified_gmt":"2024-11-11T14:55:25","slug":"firma","status":"publish","type":"page","link":"https:\/\/inwoodgroup.it\/pl\/firma\/","title":{"rendered":"Firma"},"content":{"rendered":"\t\t<div data-elementor-type=\"wp-page\" data-elementor-id=\"970\" class=\"elementor elementor-970 elementor-149\" data-elementor-post-type=\"page\">\n\t\t\t\t\t\t<section class=\"elementor-section elementor-top-section elementor-element elementor-element-3ee8916a elementor-section-full_width elementor-section-height-default elementor-section-height-default\" data-id=\"3ee8916a\" data-element_type=\"section\" data-e-type=\"section\" data-settings=\"{&quot;background_background&quot;:&quot;classic&quot;}\">\n\t\t\t\t\t\t\t<div class=\"elementor-background-overlay\"><\/div>\n\t\t\t\t\t\t\t<div class=\"elementor-container elementor-column-gap-default\">\n\t\t\t\t\t<div class=\"elementor-column elementor-col-100 elementor-top-column elementor-element elementor-element-33ad1a3f\" data-id=\"33ad1a3f\" data-element_type=\"column\" data-e-type=\"column\">\n\t\t\t<div class=\"elementor-widget-wrap elementor-element-populated\">\n\t\t\t\t\t\t<section class=\"elementor-section elementor-inner-section elementor-element elementor-element-24198f2c elementor-section-full_width elementor-section-height-default elementor-section-height-default\" data-id=\"24198f2c\" data-element_type=\"section\" data-e-type=\"section\">\n\t\t\t\t\t\t<div class=\"elementor-container elementor-column-gap-default\">\n\t\t\t\t\t<div class=\"elementor-column elementor-col-100 elementor-inner-column elementor-element elementor-element-244fc0d3\" data-id=\"244fc0d3\" data-element_type=\"column\" data-e-type=\"column\">\n\t\t\t<div class=\"elementor-widget-wrap elementor-element-populated\">\n\t\t\t\t\t\t<div class=\"elementor-element elementor-element-6b3e0397 elementor-invisible elementor-widget elementor-widget-heading\" data-id=\"6b3e0397\" data-element_type=\"widget\" data-e-type=\"widget\" data-settings=\"{&quot;_animation&quot;:&quot;slideInDown&quot;}\" data-widget_type=\"heading.default\">\n\t\t\t\t\t<h1 class=\"elementor-heading-title elementor-size-default\">FIRMA<\/h1>\t\t\t\t<\/div>\n\t\t\t\t\t<\/div>\n\t\t<\/div>\n\t\t\t\t\t<\/div>\n\t\t<\/section>\n\t\t\t\t\t<\/div>\n\t\t<\/div>\n\t\t\t\t\t<\/div>\n\t\t<\/section>\n\t\t\t\t<section class=\"elementor-section elementor-top-section elementor-element elementor-element-79bdd865 elementor-section-full_width elementor-section-height-default elementor-section-height-default\" data-id=\"79bdd865\" data-element_type=\"section\" data-e-type=\"section\" data-settings=\"{&quot;background_background&quot;:&quot;gradient&quot;}\">\n\t\t\t\t\t\t\t<div class=\"elementor-background-overlay\"><\/div>\n\t\t\t\t\t\t\t<div class=\"elementor-container elementor-column-gap-default\">\n\t\t\t\t\t<div class=\"elementor-column elementor-col-100 elementor-top-column elementor-element elementor-element-1f6cba0d\" data-id=\"1f6cba0d\" data-element_type=\"column\" data-e-type=\"column\">\n\t\t\t<div class=\"elementor-widget-wrap elementor-element-populated\">\n\t\t\t\t\t\t<section class=\"elementor-section elementor-inner-section elementor-element elementor-element-44236038 elementor-section-full_width elementor-section-height-default elementor-section-height-default\" data-id=\"44236038\" data-element_type=\"section\" data-e-type=\"section\">\n\t\t\t\t\t\t<div class=\"elementor-container elementor-column-gap-default\">\n\t\t\t\t\t<div class=\"elementor-column elementor-col-50 elementor-inner-column elementor-element elementor-element-7f2ccdfb\" data-id=\"7f2ccdfb\" data-element_type=\"column\" data-e-type=\"column\">\n\t\t\t<div class=\"elementor-widget-wrap elementor-element-populated\">\n\t\t\t\t\t\t<div class=\"elementor-element elementor-element-4e52f81b elementor-invisible elementor-widget elementor-widget-image\" data-id=\"4e52f81b\" data-element_type=\"widget\" data-e-type=\"widget\" data-settings=\"{&quot;_animation&quot;:&quot;slideInLeft&quot;}\" data-widget_type=\"image.default\">\n\t\t\t\t\t\t\t\t\t\t\t\t\t\t\t<img fetchpriority=\"high\" decoding=\"async\" width=\"800\" height=\"377\" src=\"https:\/\/inwoodgroup.it\/wp-content\/uploads\/2022\/11\/inwood_azienda01-1024x483.jpg\" class=\"attachment-large size-large wp-image-542\" alt=\"\" srcset=\"https:\/\/inwoodgroup.it\/wp-content\/uploads\/2022\/11\/inwood_azienda01-1024x483.jpg 1024w, https:\/\/inwoodgroup.it\/wp-content\/uploads\/2022\/11\/inwood_azienda01-300x141.jpg 300w, https:\/\/inwoodgroup.it\/wp-content\/uploads\/2022\/11\/inwood_azienda01-768x362.jpg 768w, https:\/\/inwoodgroup.it\/wp-content\/uploads\/2022\/11\/inwood_azienda01-1536x724.jpg 1536w, https:\/\/inwoodgroup.it\/wp-content\/uploads\/2022\/11\/inwood_azienda01.jpg 1920w\" sizes=\"(max-width: 800px) 100vw, 800px\" \/>\t\t\t\t\t\t\t\t\t\t\t\t\t\t\t<\/div>\n\t\t\t\t\t<\/div>\n\t\t<\/div>\n\t\t\t\t<div class=\"elementor-column elementor-col-50 elementor-inner-column elementor-element elementor-element-7e528e81\" data-id=\"7e528e81\" data-element_type=\"column\" data-e-type=\"column\">\n\t\t\t<div class=\"elementor-widget-wrap elementor-element-populated\">\n\t\t\t\t\t\t<div class=\"elementor-element elementor-element-56c874fa elementor-widget elementor-widget-image\" data-id=\"56c874fa\" data-element_type=\"widget\" data-e-type=\"widget\" data-widget_type=\"image.default\">\n\t\t\t\t\t\t\t\t\t\t\t\t\t\t\t<img decoding=\"async\" width=\"600\" height=\"113\" src=\"https:\/\/inwoodgroup.it\/wp-content\/uploads\/2022\/07\/logo_inwood_600.png\" class=\"attachment-large size-large wp-image-341\" alt=\"\" srcset=\"https:\/\/inwoodgroup.it\/wp-content\/uploads\/2022\/07\/logo_inwood_600.png 600w, https:\/\/inwoodgroup.it\/wp-content\/uploads\/2022\/07\/logo_inwood_600-300x57.png 300w\" sizes=\"(max-width: 600px) 100vw, 600px\" \/>\t\t\t\t\t\t\t\t\t\t\t\t\t\t\t<\/div>\n\t\t\t\t<div class=\"elementor-element elementor-element-20b17c63 elementor-widget-divider--view-line elementor-widget elementor-widget-divider\" data-id=\"20b17c63\" data-element_type=\"widget\" data-e-type=\"widget\" data-widget_type=\"divider.default\">\n\t\t\t\t\t\t\t<div class=\"elementor-divider\">\n\t\t\t<span class=\"elementor-divider-separator\">\n\t\t\t\t\t\t<\/span>\n\t\t<\/div>\n\t\t\t\t\t\t<\/div>\n\t\t\t\t<div class=\"elementor-element elementor-element-c8509f2 elementor-widget elementor-widget-text-editor\" data-id=\"c8509f2\" data-element_type=\"widget\" data-e-type=\"widget\" data-widget_type=\"text-editor.default\">\n\t\t\t\t\t\t\t\t\t<p>Jeste\u015bmy m\u0142od\u0105 firm\u0105, ale jednocze\u015bnie mo\u017cemy poszczyci\u0107 si\u0119 know-how zdobytym na <strong>czterdziestoletnim do\u015bwiadczeniu<\/strong> w bran\u017cy <strong>maszyn do obr\u00f3bki drewna<\/strong>. Taki proces pozwoli\u0142 nam, z <strong>INWOOD<\/strong>, projektowanie i budow\u0119 kompletnych linii i maszyn opartych na nowych koncepcjach, aby nada\u0107 kszta\u0142t Pa\u0144stwa potrzebom.<\/p>\n\t\t\t\t\t\t\t\t<\/div>\n\t\t\t\t<div class=\"elementor-element elementor-element-7f9c9a95 elementor-align-left elementor-widget elementor-widget-button\" data-id=\"7f9c9a95\" data-element_type=\"widget\" data-e-type=\"widget\" data-widget_type=\"button.default\">\n\t\t\t\t\t\t\t\t\t\t<a class=\"elementor-button elementor-button-link elementor-size-md elementor-animation-pulse-shrink\" href=\"https:\/\/inwoodgroup.it\/pl\/skontaktuj-sie-z-nami\/\">\n\t\t\t\t\t\t<span class=\"elementor-button-content-wrapper\">\n\t\t\t\t\t\t<span class=\"elementor-button-icon\">\n\t\t\t\t<svg aria-hidden=\"true\" class=\"e-font-icon-svg e-fas-angle-right\" viewBox=\"0 0 256 512\" xmlns=\"http:\/\/www.w3.org\/2000\/svg\"><path d=\"M224.3 273l-136 136c-9.4 9.4-24.6 9.4-33.9 0l-22.6-22.6c-9.4-9.4-9.4-24.6 0-33.9l96.4-96.4-96.4-96.4c-9.4-9.4-9.4-24.6 0-33.9L54.3 103c9.4-9.4 24.6-9.4 33.9 0l136 136c9.5 9.4 9.5 24.6.1 34z\"><\/path><\/svg>\t\t\t<\/span>\n\t\t\t\t\t\t\t\t\t<span class=\"elementor-button-text\">Skontaktuj si\u0119 z nami<\/span>\n\t\t\t\t\t<\/span>\n\t\t\t\t\t<\/a>\n\t\t\t\t\t\t\t\t<\/div>\n\t\t\t\t\t<\/div>\n\t\t<\/div>\n\t\t\t\t\t<\/div>\n\t\t<\/section>\n\t\t\t\t\t<\/div>\n\t\t<\/div>\n\t\t\t\t\t<\/div>\n\t\t<\/section>\n\t\t\t\t<section class=\"elementor-section elementor-top-section elementor-element elementor-element-037b17f elementor-section-full_width elementor-section-height-default elementor-section-height-default\" data-id=\"037b17f\" data-element_type=\"section\" data-e-type=\"section\" data-settings=\"{&quot;background_background&quot;:&quot;classic&quot;}\">\n\t\t\t\t\t\t<div class=\"elementor-container elementor-column-gap-default\">\n\t\t\t\t\t<div class=\"elementor-column elementor-col-100 elementor-top-column elementor-element elementor-element-679bf49\" data-id=\"679bf49\" data-element_type=\"column\" data-e-type=\"column\">\n\t\t\t<div class=\"elementor-widget-wrap elementor-element-populated\">\n\t\t\t\t\t\t<section class=\"elementor-section elementor-inner-section elementor-element elementor-element-7418386 elementor-section-boxed elementor-section-height-default elementor-section-height-default\" data-id=\"7418386\" data-element_type=\"section\" data-e-type=\"section\">\n\t\t\t\t\t\t<div class=\"elementor-container elementor-column-gap-default\">\n\t\t\t\t\t<div class=\"elementor-column elementor-col-100 elementor-inner-column elementor-element elementor-element-0d82dd4\" data-id=\"0d82dd4\" data-element_type=\"column\" data-e-type=\"column\">\n\t\t\t<div class=\"elementor-widget-wrap elementor-element-populated\">\n\t\t\t\t\t\t<div class=\"elementor-element elementor-element-2f038334 elementor-widget elementor-widget-heading\" data-id=\"2f038334\" data-element_type=\"widget\" data-e-type=\"widget\" data-widget_type=\"heading.default\">\n\t\t\t\t\t<h2 class=\"elementor-heading-title elementor-size-default\">Nasz Zesp\u00f3\u0142<\/h2>\t\t\t\t<\/div>\n\t\t\t\t<div class=\"elementor-element elementor-element-4667fb28 elementor-widget elementor-widget-text-editor\" data-id=\"4667fb28\" data-element_type=\"widget\" data-e-type=\"widget\" data-widget_type=\"text-editor.default\">\n\t\t\t\t\t\t\t\t\t<p>Profesjonali\u015bci INWOOD<\/p>\n\t\t\t\t\t\t\t\t<\/div>\n\t\t\t\t<div class=\"elementor-element elementor-element-3e38441e elementor-widget-divider--view-line elementor-widget elementor-widget-divider\" data-id=\"3e38441e\" data-element_type=\"widget\" data-e-type=\"widget\" data-widget_type=\"divider.default\">\n\t\t\t\t\t\t\t<div class=\"elementor-divider\">\n\t\t\t<span class=\"elementor-divider-separator\">\n\t\t\t\t\t\t<\/span>\n\t\t<\/div>\n\t\t\t\t\t\t<\/div>\n\t\t\t\t\t<\/div>\n\t\t<\/div>\n\t\t\t\t\t<\/div>\n\t\t<\/section>\n\t\t\t\t\t<\/div>\n\t\t<\/div>\n\t\t\t\t\t<\/div>\n\t\t<\/section>\n\t\t\t\t<section class=\"elementor-section elementor-top-section elementor-element elementor-element-82f93cc elementor-section-full_width elementor-section-height-default elementor-section-height-default\" data-id=\"82f93cc\" data-element_type=\"section\" data-e-type=\"section\" data-settings=\"{&quot;background_background&quot;:&quot;gradient&quot;}\">\n\t\t\t\t\t\t\t<div class=\"elementor-background-overlay\"><\/div>\n\t\t\t\t\t\t\t<div class=\"elementor-container elementor-column-gap-default\">\n\t\t\t\t\t<div class=\"elementor-column elementor-col-100 elementor-top-column elementor-element elementor-element-0095e6b\" data-id=\"0095e6b\" data-element_type=\"column\" data-e-type=\"column\">\n\t\t\t<div class=\"elementor-widget-wrap elementor-element-populated\">\n\t\t\t\t\t\t<section class=\"elementor-section elementor-inner-section elementor-element elementor-element-0a29a88 elementor-reverse-mobile elementor-section-boxed elementor-section-height-default elementor-section-height-default\" data-id=\"0a29a88\" data-element_type=\"section\" data-e-type=\"section\">\n\t\t\t\t\t\t<div class=\"elementor-container elementor-column-gap-default\">\n\t\t\t\t\t<div class=\"elementor-column elementor-col-50 elementor-inner-column elementor-element elementor-element-0b0682a\" data-id=\"0b0682a\" data-element_type=\"column\" data-e-type=\"column\">\n\t\t\t<div class=\"elementor-widget-wrap elementor-element-populated\">\n\t\t\t\t\t\t<div class=\"elementor-element elementor-element-a40397a elementor-blockquote--skin-quotation elementor-widget elementor-widget-blockquote\" data-id=\"a40397a\" data-element_type=\"widget\" data-e-type=\"widget\" data-widget_type=\"blockquote.default\">\n\t\t\t\t\t\t\t<blockquote class=\"elementor-blockquote\">\n\t\t\t<p class=\"elementor-blockquote__content\">\n\t\t\t\tNasz wysoko wykwalifikowany zesp\u00f3\u0142, bardzo profesjonalny i wzmocniony przez wieloletnie do\u015bwiadczenie jest gotowy odpowiedzie\u0107 na wszystkie Pa\u0144stwa pro\u015bby dotycz\u0105ce maszyn, cz\u0119\u015bci zamiennych i serwisu.\t\t\t<\/p>\n\t\t\t\t\t\t\t<div class=\"e-q-footer\">\n\t\t\t\t\t\t\t\t\t\t\t<cite class=\"elementor-blockquote__author\">Lorenzo Tosca<\/cite>\n\t\t\t\t\t\t\t\t\t\t\t\t\t\t<\/div>\n\t\t\t\t\t<\/blockquote>\n\t\t\t\t\t\t<\/div>\n\t\t\t\t\t<\/div>\n\t\t<\/div>\n\t\t\t\t<div class=\"elementor-column elementor-col-50 elementor-inner-column elementor-element elementor-element-1a88f95\" data-id=\"1a88f95\" data-element_type=\"column\" data-e-type=\"column\">\n\t\t\t<div class=\"elementor-widget-wrap elementor-element-populated\">\n\t\t\t\t\t\t<div class=\"elementor-element elementor-element-1690efe elementor-invisible elementor-widget elementor-widget-image\" data-id=\"1690efe\" data-element_type=\"widget\" data-e-type=\"widget\" data-settings=\"{&quot;_animation&quot;:&quot;slideInRight&quot;}\" data-widget_type=\"image.default\">\n\t\t\t\t\t\t\t\t\t\t\t\t\t\t\t<img decoding=\"async\" width=\"400\" height=\"600\" src=\"https:\/\/inwoodgroup.it\/wp-content\/uploads\/2022\/11\/inwood_azienda03.jpg\" class=\"attachment-large size-large wp-image-552\" alt=\"\" srcset=\"https:\/\/inwoodgroup.it\/wp-content\/uploads\/2022\/11\/inwood_azienda03.jpg 400w, https:\/\/inwoodgroup.it\/wp-content\/uploads\/2022\/11\/inwood_azienda03-200x300.jpg 200w\" sizes=\"(max-width: 400px) 100vw, 400px\" \/>\t\t\t\t\t\t\t\t\t\t\t\t\t\t\t<\/div>\n\t\t\t\t\t<\/div>\n\t\t<\/div>\n\t\t\t\t\t<\/div>\n\t\t<\/section>\n\t\t\t\t\t<\/div>\n\t\t<\/div>\n\t\t\t\t\t<\/div>\n\t\t<\/section>\n\t\t\t\t<\/div>\n\t\t","protected":false},"excerpt":{"rendered":"<p>FIRMA Jeste\u015bmy m\u0142od\u0105 firm\u0105, ale jednocze\u015bnie mo\u017cemy poszczyci\u0107 si\u0119 know-how zdobytym na czterdziestoletnim do\u015bwiadczeniu w bran\u017cy maszyn do obr\u00f3bki drewna. Taki proces pozwoli\u0142 nam, z INWOOD, projektowanie i budow\u0119 kompletnych linii i maszyn opartych na nowych koncepcjach, aby nada\u0107 kszta\u0142t Pa\u0144stwa potrzebom. Skontaktuj si\u0119 z nami Nasz Zesp\u00f3\u0142 Profesjonali\u015bci INWOOD Nasz wysoko wykwalifikowany zesp\u00f3\u0142, bardzo [&hellip;]<\/p>\n","protected":false},"author":1,"featured_media":0,"parent":0,"menu_order":0,"comment_status":"closed","ping_status":"closed","template":"","meta":{"footnotes":""},"class_list":["post-970","page","type-page","status-publish","hentry"],"_links":{"self":[{"href":"https:\/\/inwoodgroup.it\/pl\/wp-json\/wp\/v2\/pages\/970","targetHints":{"allow":["GET"]}}],"collection":[{"href":"https:\/\/inwoodgroup.it\/pl\/wp-json\/wp\/v2\/pages"}],"about":[{"href":"https:\/\/inwoodgroup.it\/pl\/wp-json\/wp\/v2\/types\/page"}],"author":[{"embeddable":true,"href":"https:\/\/inwoodgroup.it\/pl\/wp-json\/wp\/v2\/users\/1"}],"replies":[{"embeddable":true,"href":"https:\/\/inwoodgroup.it\/pl\/wp-json\/wp\/v2\/comments?post=970"}],"version-history":[{"count":0,"href":"https:\/\/inwoodgroup.it\/pl\/wp-json\/wp\/v2\/pages\/970\/revisions"}],"wp:attachment":[{"href":"https:\/\/inwoodgroup.it\/pl\/wp-json\/wp\/v2\/media?parent=970"}],"curies":[{"name":"wp","href":"https:\/\/api.w.org\/{rel}","templated":true}]}}